{"id":157,"date":"2025-10-07T14:40:05","date_gmt":"2025-10-07T11:40:05","guid":{"rendered":"https:\/\/www.badeyayinlari.com\/?page_id=157"},"modified":"2025-10-07T14:44:59","modified_gmt":"2025-10-07T11:44:59","slug":"cocuk-kitaplari","status":"publish","type":"page","link":"https:\/\/www.badeyayinlari.com\/?page_id=157","title":{"rendered":"\u00c7ocuk Kitaplar\u0131"},"content":{"rendered":"\n<div class=\"container section-title-container\" ><h3 class=\"section-title section-title-center\"><b><\/b><span class=\"section-title-main\" >\u00c7ocuk kitaplar\u0131<\/span><b><\/b><\/h3><\/div>\n\n\t\n  \n    <div class=\"row large-columns-4 medium-columns-3 small-columns-2 row-small slider row-slider slider-nav-reveal slider-nav-push\"  data-flickity-options='{&quot;imagesLoaded&quot;: true, &quot;groupCells&quot;: &quot;100%&quot;, &quot;dragThreshold&quot; : 5, &quot;cellAlign&quot;: &quot;left&quot;,&quot;wrapAround&quot;: true,&quot;prevNextButtons&quot;: true,&quot;percentPosition&quot;: true,&quot;pageDots&quot;: false, &quot;rightToLeft&quot;: false, &quot;autoPlay&quot; : false}' >\n\n  <\/div>\n\n\n","protected":false},"excerpt":{"rendered":"","protected":false},"author":2,"featured_media":0,"parent":0,"menu_order":0,"comment_status":"closed","ping_status":"closed","template":"","meta":{"_joinchat":[],"footnotes":""},"class_list":["post-157","page","type-page","status-publish","hentry"],"yoast_head":"<!-- This site is optimized with the Yoast SEO plugin v26.6 - https:\/\/yoast.com\/wordpress\/plugins\/seo\/ -->\n<title>\u00c7ocuk Kitaplar\u0131 - Bade Yay\u0131nlar\u0131<\/title>\n<meta name=\"robots\" content=\"index, follow, max-snippet:-1, max-image-preview:large, max-video-preview:-1\" \/>\n<link rel=\"canonical\" href=\"https:\/\/www.badeyayinlari.com\/?page_id=157\" \/>\n<meta property=\"og:locale\" content=\"tr_TR\" \/>\n<meta property=\"og:type\" content=\"article\" \/>\n<meta property=\"og:title\" content=\"\u00c7ocuk Kitaplar\u0131 - Bade Yay\u0131nlar\u0131\" \/>\n<meta property=\"og:url\" content=\"https:\/\/www.badeyayinlari.com\/?page_id=157\" \/>\n<meta property=\"og:site_name\" content=\"Bade Yay\u0131nlar\u0131\" \/>\n<meta property=\"article:modified_time\" content=\"2025-10-07T11:44:59+00:00\" \/>\n<meta name=\"twitter:card\" content=\"summary_large_image\" \/>\n<script type=\"application\/ld+json\" class=\"yoast-schema-graph\">{\"@context\":\"https:\/\/schema.org\",\"@graph\":[{\"@type\":\"WebPage\",\"@id\":\"https:\/\/www.badeyayinlari.com\/?page_id=157\",\"url\":\"https:\/\/www.badeyayinlari.com\/?page_id=157\",\"name\":\"\u00c7ocuk Kitaplar\u0131 - Bade Yay\u0131nlar\u0131\",\"isPartOf\":{\"@id\":\"https:\/\/www.badeyayinlari.com\/#website\"},\"datePublished\":\"2025-10-07T11:40:05+00:00\",\"dateModified\":\"2025-10-07T11:44:59+00:00\",\"breadcrumb\":{\"@id\":\"https:\/\/www.badeyayinlari.com\/?page_id=157#breadcrumb\"},\"inLanguage\":\"tr\",\"potentialAction\":[{\"@type\":\"ReadAction\",\"target\":[\"https:\/\/www.badeyayinlari.com\/?page_id=157\"]}]},{\"@type\":\"BreadcrumbList\",\"@id\":\"https:\/\/www.badeyayinlari.com\/?page_id=157#breadcrumb\",\"itemListElement\":[{\"@type\":\"ListItem\",\"position\":1,\"name\":\"Anasayfa\",\"item\":\"https:\/\/www.badeyayinlari.com\/\"},{\"@type\":\"ListItem\",\"position\":2,\"name\":\"\u00c7ocuk Kitaplar\u0131\"}]},{\"@type\":\"WebSite\",\"@id\":\"https:\/\/www.badeyayinlari.com\/#website\",\"url\":\"https:\/\/www.badeyayinlari.com\/\",\"name\":\"Bade Yay\u0131nlar\u0131\",\"description\":\"\",\"publisher\":{\"@id\":\"https:\/\/www.badeyayinlari.com\/#organization\"},\"potentialAction\":[{\"@type\":\"SearchAction\",\"target\":{\"@type\":\"EntryPoint\",\"urlTemplate\":\"https:\/\/www.badeyayinlari.com\/?s={search_term_string}\"},\"query-input\":{\"@type\":\"PropertyValueSpecification\",\"valueRequired\":true,\"valueName\":\"search_term_string\"}}],\"inLanguage\":\"tr\"},{\"@type\":\"Organization\",\"@id\":\"https:\/\/www.badeyayinlari.com\/#organization\",\"name\":\"badeyayinlari\",\"url\":\"https:\/\/www.badeyayinlari.com\/\",\"logo\":{\"@type\":\"ImageObject\",\"inLanguage\":\"tr\",\"@id\":\"https:\/\/www.badeyayinlari.com\/#\/schema\/logo\/image\/\",\"url\":\"https:\/\/www.badeyayinlari.com\/wp-content\/uploads\/2025\/12\/696x696px-boyutunda.png\",\"contentUrl\":\"https:\/\/www.badeyayinlari.com\/wp-content\/uploads\/2025\/12\/696x696px-boyutunda.png\",\"width\":1024,\"height\":1024,\"caption\":\"badeyayinlari\"},\"image\":{\"@id\":\"https:\/\/www.badeyayinlari.com\/#\/schema\/logo\/image\/\"}}]}<\/script>\n<!-- \/ Yoast SEO plugin. -->","yoast_head_json":{"title":"\u00c7ocuk Kitaplar\u0131 - Bade Yay\u0131nlar\u0131","robots":{"index":"index","follow":"follow","max-snippet":"max-snippet:-1","max-image-preview":"max-image-preview:large","max-video-preview":"max-video-preview:-1"},"canonical":"https:\/\/www.badeyayinlari.com\/?page_id=157","og_locale":"tr_TR","og_type":"article","og_title":"\u00c7ocuk Kitaplar\u0131 - Bade Yay\u0131nlar\u0131","og_url":"https:\/\/www.badeyayinlari.com\/?page_id=157","og_site_name":"Bade Yay\u0131nlar\u0131","article_modified_time":"2025-10-07T11:44:59+00:00","twitter_card":"summary_large_image","schema":{"@context":"https:\/\/schema.org","@graph":[{"@type":"WebPage","@id":"https:\/\/www.badeyayinlari.com\/?page_id=157","url":"https:\/\/www.badeyayinlari.com\/?page_id=157","name":"\u00c7ocuk Kitaplar\u0131 - Bade Yay\u0131nlar\u0131","isPartOf":{"@id":"https:\/\/www.badeyayinlari.com\/#website"},"datePublished":"2025-10-07T11:40:05+00:00","dateModified":"2025-10-07T11:44:59+00:00","breadcrumb":{"@id":"https:\/\/www.badeyayinlari.com\/?page_id=157#breadcrumb"},"inLanguage":"tr","potentialAction":[{"@type":"ReadAction","target":["https:\/\/www.badeyayinlari.com\/?page_id=157"]}]},{"@type":"BreadcrumbList","@id":"https:\/\/www.badeyayinlari.com\/?page_id=157#breadcrumb","itemListElement":[{"@type":"ListItem","position":1,"name":"Anasayfa","item":"https:\/\/www.badeyayinlari.com\/"},{"@type":"ListItem","position":2,"name":"\u00c7ocuk Kitaplar\u0131"}]},{"@type":"WebSite","@id":"https:\/\/www.badeyayinlari.com\/#website","url":"https:\/\/www.badeyayinlari.com\/","name":"Bade Yay\u0131nlar\u0131","description":"","publisher":{"@id":"https:\/\/www.badeyayinlari.com\/#organization"},"potentialAction":[{"@type":"SearchAction","target":{"@type":"EntryPoint","urlTemplate":"https:\/\/www.badeyayinlari.com\/?s={search_term_string}"},"query-input":{"@type":"PropertyValueSpecification","valueRequired":true,"valueName":"search_term_string"}}],"inLanguage":"tr"},{"@type":"Organization","@id":"https:\/\/www.badeyayinlari.com\/#organization","name":"badeyayinlari","url":"https:\/\/www.badeyayinlari.com\/","logo":{"@type":"ImageObject","inLanguage":"tr","@id":"https:\/\/www.badeyayinlari.com\/#\/schema\/logo\/image\/","url":"https:\/\/www.badeyayinlari.com\/wp-content\/uploads\/2025\/12\/696x696px-boyutunda.png","contentUrl":"https:\/\/www.badeyayinlari.com\/wp-content\/uploads\/2025\/12\/696x696px-boyutunda.png","width":1024,"height":1024,"caption":"badeyayinlari"},"image":{"@id":"https:\/\/www.badeyayinlari.com\/#\/schema\/logo\/image\/"}}]}},"jetpack_sharing_enabled":true,"_links":{"self":[{"href":"https:\/\/www.badeyayinlari.com\/index.php?rest_route=\/wp\/v2\/pages\/157","targetHints":{"allow":["GET"]}}],"collection":[{"href":"https:\/\/www.badeyayinlari.com\/index.php?rest_route=\/wp\/v2\/pages"}],"about":[{"href":"https:\/\/www.badeyayinlari.com\/index.php?rest_route=\/wp\/v2\/types\/page"}],"author":[{"embeddable":true,"href":"https:\/\/www.badeyayinlari.com\/index.php?rest_route=\/wp\/v2\/users\/2"}],"replies":[{"embeddable":true,"href":"https:\/\/www.badeyayinlari.com\/index.php?rest_route=%2Fwp%2Fv2%2Fcomments&post=157"}],"version-history":[{"count":3,"href":"https:\/\/www.badeyayinlari.com\/index.php?rest_route=\/wp\/v2\/pages\/157\/revisions"}],"predecessor-version":[{"id":163,"href":"https:\/\/www.badeyayinlari.com\/index.php?rest_route=\/wp\/v2\/pages\/157\/revisions\/163"}],"wp:attachment":[{"href":"https:\/\/www.badeyayinlari.com\/index.php?rest_route=%2Fwp%2Fv2%2Fmedia&parent=157"}],"curies":[{"name":"wp","href":"https:\/\/api.w.org\/{rel}","templated":true}]}}