{"id":167,"date":"2025-10-07T14:47:25","date_gmt":"2025-10-07T11:47:25","guid":{"rendered":"https:\/\/www.badeyayinlari.com\/?page_id=167"},"modified":"2025-11-19T14:57:37","modified_gmt":"2025-11-19T11:57:37","slug":"ulasim-sayfasi","status":"publish","type":"page","link":"https:\/\/www.badeyayinlari.com\/?page_id=167","title":{"rendered":"Hakk\u0131m\u0131zda \/ Bize Ula\u015f\u0131n"},"content":{"rendered":"\n<div class=\"container section-title-container\" ><h3 class=\"section-title section-title-center\"><b><\/b><span class=\"section-title-main\" >Bize Ula\u015f\u0131n<\/span><b><\/b><\/h3><\/div>\n\n\t<div id=\"gap-761737246\" class=\"gap-element clearfix\" style=\"display:block; height:auto;\">\n\t\t\n<style>\n#gap-761737246 {\n  padding-top: 30px;\n}\n<\/style>\n\t<\/div>\n\t\n\n\t<div id=\"text-3148951902\" class=\"text\">\n\t\t\n\n<h3>Fikirleriniz i\u00e7in:\u00a0<\/h3>\n<ul>\n<li>badeyayinlari@gmail.com<\/li>\n<li>+90 (551) 844 75 52\u00a0<\/li>\n<li>\u0130nstagram: badeyayinlari<\/li>\n<\/ul>\n\t\t\n<style>\n#text-3148951902 {\n  text-align: left;\n}\n<\/style>\n\t<\/div>\n\t\n<div class=\"text-center\"><div class=\"is-divider divider clearfix\" ><\/div><\/div>\n\n<div class=\"container section-title-container\" ><h3 class=\"section-title section-title-center\"><b><\/b><span class=\"section-title-main\" >Hakk\u0131m\u0131zda<\/span><b><\/b><\/h3><\/div>\n\n\t<div id=\"text-222955654\" class=\"text\">\n\t\t\n\n<h3>BADE YAYINLARI<\/h3>\n<div>Bade Yay\u0131nlar\u0131, s\u00f6zc\u00fcklerin d\u00f6n\u00fc\u015ft\u00fcr\u00fcc\u00fc g\u00fcc\u00fcne inanan bir yay\u0131nevidir.<\/div>\n<div>Edebiyattan ki\u015fisel geli\u015fime, \u00e7ocuk kitaplar\u0131ndan akademik \u00e7al\u0131\u015fmalara kadar her t\u00fcrde eseri okurla bulu\u015fturmay\u0131 ama\u00e7lar. Amac\u0131m\u0131z, hem deneyimli yazarlar\u0131n kalemini daha geni\u015f kitlelerle bulu\u015fturmak hem de yeni seslere kendini ifade edebilme f\u0131rsat\u0131 sunmakt\u0131r.<\/div>\n<div>\u00a0<\/div>\n<div>Kitaplar\u0131n yaln\u0131zca sayfalarda de\u011fil, insan hayat\u0131nda da iz b\u0131rakt\u0131\u011f\u0131na inan\u0131yoruz. Bu y\u00fczden Bade Yay\u0131nlar\u0131, bilgiyi, duyguyu ve ilham\u0131 ayn\u0131 \u00e7at\u0131 alt\u0131nda birle\u015ftiren bir yay\u0131n anlay\u0131\u015f\u0131yla hareket eder. Her kitap, bir hik\u00e2yenin, bir fikrin, bir hayalin yans\u0131mas\u0131d\u0131r.Biz de bu hayalleri ger\u00e7e\u011fe d\u00f6n\u00fc\u015ft\u00fcrmek i\u00e7in buraday\u0131z.<\/div>\n\t\t\n<style>\n#text-222955654 {\n  text-align: center;\n}\n<\/style>\n\t<\/div>\n\t\n\n","protected":false},"excerpt":{"rendered":"","protected":false},"author":2,"featured_media":0,"parent":0,"menu_order":0,"comment_status":"closed","ping_status":"closed","template":"","meta":{"_joinchat":[],"footnotes":""},"class_list":["post-167","page","type-page","status-publish","hentry"],"yoast_head":"<!-- This site is optimized with the Yoast SEO plugin v26.6 - https:\/\/yoast.com\/wordpress\/plugins\/seo\/ -->\n<title>Hakk\u0131m\u0131zda \/ Bize Ula\u015f\u0131n - Bade Yay\u0131nlar\u0131<\/title>\n<meta name=\"robots\" content=\"index, follow, max-snippet:-1, max-image-preview:large, max-video-preview:-1\" \/>\n<link rel=\"canonical\" href=\"https:\/\/www.badeyayinlari.com\/?page_id=167\" \/>\n<meta property=\"og:locale\" content=\"tr_TR\" \/>\n<meta property=\"og:type\" content=\"article\" \/>\n<meta property=\"og:title\" content=\"Hakk\u0131m\u0131zda \/ Bize Ula\u015f\u0131n - Bade Yay\u0131nlar\u0131\" \/>\n<meta property=\"og:url\" content=\"https:\/\/www.badeyayinlari.com\/?page_id=167\" \/>\n<meta property=\"og:site_name\" content=\"Bade Yay\u0131nlar\u0131\" \/>\n<meta property=\"article:modified_time\" content=\"2025-11-19T11:57:37+00:00\" \/>\n<meta name=\"twitter:card\" content=\"summary_large_image\" \/>\n<meta name=\"twitter:label1\" content=\"Tahmini okuma s\u00fcresi\" \/>\n\t<meta name=\"twitter:data1\" content=\"1 dakika\" \/>\n<script type=\"application\/ld+json\" class=\"yoast-schema-graph\">{\"@context\":\"https:\/\/schema.org\",\"@graph\":[{\"@type\":\"WebPage\",\"@id\":\"https:\/\/www.badeyayinlari.com\/?page_id=167\",\"url\":\"https:\/\/www.badeyayinlari.com\/?page_id=167\",\"name\":\"Hakk\u0131m\u0131zda \/ Bize Ula\u015f\u0131n - Bade Yay\u0131nlar\u0131\",\"isPartOf\":{\"@id\":\"https:\/\/www.badeyayinlari.com\/#website\"},\"datePublished\":\"2025-10-07T11:47:25+00:00\",\"dateModified\":\"2025-11-19T11:57:37+00:00\",\"breadcrumb\":{\"@id\":\"https:\/\/www.badeyayinlari.com\/?page_id=167#breadcrumb\"},\"inLanguage\":\"tr\",\"potentialAction\":[{\"@type\":\"ReadAction\",\"target\":[\"https:\/\/www.badeyayinlari.com\/?page_id=167\"]}]},{\"@type\":\"BreadcrumbList\",\"@id\":\"https:\/\/www.badeyayinlari.com\/?page_id=167#breadcrumb\",\"itemListElement\":[{\"@type\":\"ListItem\",\"position\":1,\"name\":\"Anasayfa\",\"item\":\"https:\/\/www.badeyayinlari.com\/\"},{\"@type\":\"ListItem\",\"position\":2,\"name\":\"Hakk\u0131m\u0131zda \/ Bize Ula\u015f\u0131n\"}]},{\"@type\":\"WebSite\",\"@id\":\"https:\/\/www.badeyayinlari.com\/#website\",\"url\":\"https:\/\/www.badeyayinlari.com\/\",\"name\":\"Bade Yay\u0131nlar\u0131\",\"description\":\"\",\"publisher\":{\"@id\":\"https:\/\/www.badeyayinlari.com\/#organization\"},\"potentialAction\":[{\"@type\":\"SearchAction\",\"target\":{\"@type\":\"EntryPoint\",\"urlTemplate\":\"https:\/\/www.badeyayinlari.com\/?s={search_term_string}\"},\"query-input\":{\"@type\":\"PropertyValueSpecification\",\"valueRequired\":true,\"valueName\":\"search_term_string\"}}],\"inLanguage\":\"tr\"},{\"@type\":\"Organization\",\"@id\":\"https:\/\/www.badeyayinlari.com\/#organization\",\"name\":\"badeyayinlari\",\"url\":\"https:\/\/www.badeyayinlari.com\/\",\"logo\":{\"@type\":\"ImageObject\",\"inLanguage\":\"tr\",\"@id\":\"https:\/\/www.badeyayinlari.com\/#\/schema\/logo\/image\/\",\"url\":\"https:\/\/www.badeyayinlari.com\/wp-content\/uploads\/2025\/12\/696x696px-boyutunda.png\",\"contentUrl\":\"https:\/\/www.badeyayinlari.com\/wp-content\/uploads\/2025\/12\/696x696px-boyutunda.png\",\"width\":1024,\"height\":1024,\"caption\":\"badeyayinlari\"},\"image\":{\"@id\":\"https:\/\/www.badeyayinlari.com\/#\/schema\/logo\/image\/\"}}]}<\/script>\n<!-- \/ Yoast SEO plugin. -->","yoast_head_json":{"title":"Hakk\u0131m\u0131zda \/ Bize Ula\u015f\u0131n - Bade Yay\u0131nlar\u0131","robots":{"index":"index","follow":"follow","max-snippet":"max-snippet:-1","max-image-preview":"max-image-preview:large","max-video-preview":"max-video-preview:-1"},"canonical":"https:\/\/www.badeyayinlari.com\/?page_id=167","og_locale":"tr_TR","og_type":"article","og_title":"Hakk\u0131m\u0131zda \/ Bize Ula\u015f\u0131n - Bade Yay\u0131nlar\u0131","og_url":"https:\/\/www.badeyayinlari.com\/?page_id=167","og_site_name":"Bade Yay\u0131nlar\u0131","article_modified_time":"2025-11-19T11:57:37+00:00","twitter_card":"summary_large_image","twitter_misc":{"Tahmini okuma s\u00fcresi":"1 dakika"},"schema":{"@context":"https:\/\/schema.org","@graph":[{"@type":"WebPage","@id":"https:\/\/www.badeyayinlari.com\/?page_id=167","url":"https:\/\/www.badeyayinlari.com\/?page_id=167","name":"Hakk\u0131m\u0131zda \/ Bize Ula\u015f\u0131n - Bade Yay\u0131nlar\u0131","isPartOf":{"@id":"https:\/\/www.badeyayinlari.com\/#website"},"datePublished":"2025-10-07T11:47:25+00:00","dateModified":"2025-11-19T11:57:37+00:00","breadcrumb":{"@id":"https:\/\/www.badeyayinlari.com\/?page_id=167#breadcrumb"},"inLanguage":"tr","potentialAction":[{"@type":"ReadAction","target":["https:\/\/www.badeyayinlari.com\/?page_id=167"]}]},{"@type":"BreadcrumbList","@id":"https:\/\/www.badeyayinlari.com\/?page_id=167#breadcrumb","itemListElement":[{"@type":"ListItem","position":1,"name":"Anasayfa","item":"https:\/\/www.badeyayinlari.com\/"},{"@type":"ListItem","position":2,"name":"Hakk\u0131m\u0131zda \/ Bize Ula\u015f\u0131n"}]},{"@type":"WebSite","@id":"https:\/\/www.badeyayinlari.com\/#website","url":"https:\/\/www.badeyayinlari.com\/","name":"Bade Yay\u0131nlar\u0131","description":"","publisher":{"@id":"https:\/\/www.badeyayinlari.com\/#organization"},"potentialAction":[{"@type":"SearchAction","target":{"@type":"EntryPoint","urlTemplate":"https:\/\/www.badeyayinlari.com\/?s={search_term_string}"},"query-input":{"@type":"PropertyValueSpecification","valueRequired":true,"valueName":"search_term_string"}}],"inLanguage":"tr"},{"@type":"Organization","@id":"https:\/\/www.badeyayinlari.com\/#organization","name":"badeyayinlari","url":"https:\/\/www.badeyayinlari.com\/","logo":{"@type":"ImageObject","inLanguage":"tr","@id":"https:\/\/www.badeyayinlari.com\/#\/schema\/logo\/image\/","url":"https:\/\/www.badeyayinlari.com\/wp-content\/uploads\/2025\/12\/696x696px-boyutunda.png","contentUrl":"https:\/\/www.badeyayinlari.com\/wp-content\/uploads\/2025\/12\/696x696px-boyutunda.png","width":1024,"height":1024,"caption":"badeyayinlari"},"image":{"@id":"https:\/\/www.badeyayinlari.com\/#\/schema\/logo\/image\/"}}]}},"jetpack_sharing_enabled":true,"_links":{"self":[{"href":"https:\/\/www.badeyayinlari.com\/index.php?rest_route=\/wp\/v2\/pages\/167","targetHints":{"allow":["GET"]}}],"collection":[{"href":"https:\/\/www.badeyayinlari.com\/index.php?rest_route=\/wp\/v2\/pages"}],"about":[{"href":"https:\/\/www.badeyayinlari.com\/index.php?rest_route=\/wp\/v2\/types\/page"}],"author":[{"embeddable":true,"href":"https:\/\/www.badeyayinlari.com\/index.php?rest_route=\/wp\/v2\/users\/2"}],"replies":[{"embeddable":true,"href":"https:\/\/www.badeyayinlari.com\/index.php?rest_route=%2Fwp%2Fv2%2Fcomments&post=167"}],"version-history":[{"count":5,"href":"https:\/\/www.badeyayinlari.com\/index.php?rest_route=\/wp\/v2\/pages\/167\/revisions"}],"predecessor-version":[{"id":194,"href":"https:\/\/www.badeyayinlari.com\/index.php?rest_route=\/wp\/v2\/pages\/167\/revisions\/194"}],"wp:attachment":[{"href":"https:\/\/www.badeyayinlari.com\/index.php?rest_route=%2Fwp%2Fv2%2Fmedia&parent=167"}],"curies":[{"name":"wp","href":"https:\/\/api.w.org\/{rel}","templated":true}]}}